{"id":15,"date":"2017-01-24T17:43:59","date_gmt":"2017-01-24T17:43:59","guid":{"rendered":"http:\/\/scoo-cham.de\/?page_id=15"},"modified":"2026-02-22T16:22:36","modified_gmt":"2026-02-22T16:22:36","slug":"impressum","status":"publish","type":"page","link":"https:\/\/scoo-cham.de\/?page_id=15","title":{"rendered":"Impressum"},"content":{"rendered":"<p>Schie\u00dfclub Oberpfalz Ost e.V.<br \/>\n1. Vorsitzender Martin Hartl<br \/>\nZum Pfahlkreuz 4<br \/>\nD-93489 Schorndorf<\/p>\n<p>Telefon +49 (0)9971\/1358864<br \/>\neMail: martin.hartl@scoo-cham.de<\/p>\n<p>Verantwortlicher im Sinne des Telemediengesetzes: Martin Hartl<\/p>\n<p>Verwaltet wird diese Online-Pr\u00e4senz von Schriftf\u00fchrerin\u00a0 Christine Konadl<\/p>\n<hr \/>\n<style type=\"text\/css\">\n\t<!-- @page { margin: 2cm } P { margin-bottom: 0.21cm } --><br \/>\n\t<\/style>\n<h3>Haftungsausschluss<\/h3>\n<p>Haftung f\u00fcr Inhalte<br \/>\nDie Inhalte unserer Seiten wurden mit gr\u00f6\u00dfter Sorgfalt erstellt. F\u00fcr die Richtigkeit, Vollst\u00e4ndigkeit und Aktualit\u00e4t der Inhalte k\u00f6nnen wir jedoch keine Gew\u00e4hr \u00fcbernehmen. Gem\u00e4\u00df \u00a7 7 Abs.1 TMG sind wir f\u00fcr eigene Inhalte auf diesen Seiten nach den allgemeinen Gesetzen verantwortlich. Nach \u00a7\u00a7 8 bis 10 TMG sind wir jedoch nicht verpflichtet, \u00fcbermittelte oder gespeicherte fremde Informationen zu \u00fcberwachen oder nach Umst\u00e4nden zu forschen, die auf eine rechtswidrige T\u00e4tigkeit hinweisen. Verpflichtungen zur Entfernung oder Sperrung der Nutzung von Informationen nach den allgemeinen Gesetzen bleiben hiervon unber\u00fchrt. Eine diesbez\u00fcgliche Haftung ist jedoch erst ab dem Zeitpunkt der Kenntnis einer konkreten Rechtsverletzung m\u00f6glich. Bei Bekanntwerden von entsprechenden Rechtsverletzungen werden wir diese Inhalte umgehend entfernen.<\/p>\n<p>Haftung f\u00fcr Links<br \/>\nUnser Angebot enth\u00e4lt Links zu externen Webseiten Dritter, auf deren Inhalte wir keinen Einfluss haben. Deshalb k\u00f6nnen wir f\u00fcr diese fremden Inhalte auch keine Gew\u00e4hr \u00fcbernehmen. F\u00fcr die Inhalte der verlinkten Seiten ist stets der jeweilige Anbieter oder Betreiber der Seiten verantwortlich. Die verlinkten Seiten wurden zum Zeitpunkt der Verlinkung auf m\u00f6gliche Rechtsverst\u00f6\u00dfe \u00fcberpr\u00fcft. Rechtswidrige Inhalte waren zum Zeitpunkt der Verlinkung nicht erkennbar. Eine permanente inhaltliche Kontrolle der verlinkten Seiten ist jedoch ohne konkrete Anhaltspunkte einer Rechtsverletzung nicht zumutbar. Bei Bekanntwerden von Rechtsverletzungen werden wir derartige Links umgehend entfernen.<\/p>\n<p>Urheberrecht<\/p>\n<p>Die durch die Seitenbetreiber erstellten Inhalte und Werke auf diesen Seiten unterliegen dem deutschen Urheberrecht. Die Vervielf\u00e4ltigung, Bearbeitung, Verbreitung und jede Art der Verwertung au\u00dferhalb der Grenzen des Urheberrechtes bed\u00fcrfen der schriftlichen Zustimmung des jeweiligen Autors beziehungsweise Erstellers. Downloads und Kopien dieser Seite sind nur f\u00fcr den privaten, nicht kommerziellen Gebrauch gestattet. Soweit die Inhalte auf dieser Seite nicht vom Betreiber erstellt wurden, werden die Urheberrechte Dritter beachtet. Insbesondere werden Inhalte Dritter als solche gekennzeichnet. Sollten Sie trotzdem auf eine Urheberrechtsverletzung aufmerksam werden, bitten wir um einen entsprechenden Hinweis. Bei Bekanntwerden von Rechtsverletzungen werden wir derartige Inhalte umgehend entfernen.<\/p>\n<p>Datenschutz<\/p>\n<p>Die Nutzung unserer Webseite ist in der Regel ohne Angabe personenbezogener Daten m\u00f6glich. Soweit auf unseren Seiten personenbezogene Daten (beispielsweise Name, Anschrift oder eMail-Adressen) erhoben werden, erfolgt dies, soweit m\u00f6glich, stets auf freiwilliger Basis. Diese Daten werden ohne Ihre ausdr\u00fcckliche Zustimmung nicht an Dritte weitergegeben.<br \/>\nWir weisen darauf hin, dass die Daten\u00fcbertragung im Internet (beispielsweise bei der Kommunikation per eMail) Sicherheitsl\u00fccken aufweisen kann. Ein l\u00fcckenloser Schutz der Daten vor dem Zugriff durch Dritte ist nicht m\u00f6glich.<br \/>\nDer Nutzung von im Rahmen der Impressumspflicht ver\u00f6ffentlichten Kontaktdaten durch Dritte zur \u00dcbersendung von nicht ausdr\u00fccklich angeforderter Werbung und Informationsmaterialien wird hiermit ausdr\u00fccklich widersprochen. Die Betreiber der Seiten behalten sich ausdr\u00fccklich rechtliche Schritte im Falle der unverlangten Zusendung von Werbeinformationen, etwa durch Spam-Mails, vor.<\/p>\n<p>Sofern Teile oder einzelne Formulierungen dieses Textes der geltenden Rechtslage nicht, nicht mehr oder nicht vollst\u00e4ndig entsprechen sollten, bleiben die \u00fcbrigen Teile des Dokumentes in ihrem Inhalt und ihrer G\u00fcltigkeit davon unber\u00fchrt.<\/p>\n<p>Datenschutzerkl\u00e4rung<\/p>\n<p>Allgemeiner Hinweis und Pflichtinformationen<\/p>\n<p>Mit dieser Datenschutzerkl\u00e4rung kl\u00e4rt Sie der Schie\u00dfclub Oberpfalz Ost e.V. (SCOO) \u00fcber die Art, den Umfang und Zweck der Verarbeitung von personenbezogenen Daten in unserem Onlineangebot und der mit ihm verbundenen Webseiten, Funktionen und Inhalte sowie externen<br \/>\nOnlinepr\u00e4senzen auf.<\/p>\n<p>Die Nutzung unseres Angebots, insbesondere der Webseiten, ist zumeist ohne eine Angabe von personenbezogenen Daten m\u00f6glich. F\u00fcr die Nutzung einzelner Dienste k\u00f6nnen sich hierf\u00fcr abweichende Regelungen ergeben, die in diesem Falle nachstehend gesondert erl\u00e4utert werden.<br \/>\nPersonenbezogenen Daten (zum Beispiel Name, Anschrift, eMail, Telefonnummer u.\u00e4.) werden von uns nur gem\u00e4\u00df den Bestimmungen des deutschen Datenschutzrechts verarbeitet. Daten sind dann personenbezogen, wenn sie eindeutig einer bestimmten nat\u00fcrlichen Person zugeordnet werden k\u00f6nnen.<br \/>\nNachstehende Regelungen informieren Sie insoweit \u00fcber die Art, den Umfang und Zweck der Erhebung, die Nutzung und die Verarbeitung von personenbezogenen Daten durch den Anbieter.<\/p>\n<p>Es gelten die Vorschriften des Bundesdatenschutzgesetzes (BDSG) der Datenschutzgrundverordnung (DSGVO) und des Telemediengesetzes (TMG).<\/p>\n<p>Wir weisen darauf hin, dass die internetbasierte Daten\u00fcbertragung Sicherheitsl\u00fccken aufweist, ein l\u00fcckenloser Schutz vor Zugriffen durch Dritte somit unm\u00f6glich ist.<\/p>\n<p>Datenschutzbeauftragter<\/p>\n<p>Wir sind auf Grund der f\u00fcr uns geltenden gesetzlichen Vorschriften nicht zur Bestellung eines Datenschutzbeauftragten verpflichtet und haben auch keinen Datenschutzbeauftragten bestellt.<\/p>\n<p>Recht auf Beschwerde bei der zust\u00e4ndigen Aufsichtsbeh\u00f6rde<\/p>\n<p>Betroffenen steht im Falle eines datenschutzrechtlichen Versto\u00dfes ein Beschwerderecht bei der zust\u00e4ndigen Aufsichtsbeh\u00f6rde zu. Zust\u00e4ndige Aufsichtsbeh\u00f6rde:<\/p>\n<p>Der Bayerische Landesbeauftragte f\u00fcr den Datenschutz<br \/>\nProf. Dr. Thomas Petri<br \/>\nWagm\u00fcllerstra\u00dfe 18<br \/>\n80538 M\u00fcnchen<br \/>\npoststelle@datenschutz-bayern.de<br \/>\n<a href=\"https:\/\/deref-web-02.de\/mail\/client\/FOh5W1k07Ts\/dereferrer\/?redirectUrl=https%3A%2F%2Fwww.datenschutz-bayern.de\" target=\"_blank\" rel=\"noopener noreferrer\">https:\/\/www.datenschutz-bayern.de<\/a><\/p>\n<p>Widerruf der Einwilligung zur Datenverarbeitung<\/p>\n<p>Nur mit ausdr\u00fccklichen Einwilligung sind einige Vorg\u00e4nge der Datenverarbeitung m\u00f6glich. Ein Widerruf bereits erteilter Einwilligung ist jederzeit m\u00f6glich. F\u00fcr den Widerruf gen\u00fcgt eine formlose Mitteilung (zum Beispiel per eMail an knoch.a@web.de).<br \/>\nDie Rechtm\u00e4\u00dfigkeit der bis zum Widerruf erfolgten Datenverarbeitung bleibt vom Widerruf unber\u00fchrt.<\/p>\n<p>Recht auf Daten\u00fcbertragbarkeit<\/p>\n<p>Betroffenen steht das Recht zu, Daten, die wir auf Grundlage ihrer Einwilligung oder in Erf\u00fcllung eines Vertrags automatisiert verarbeiten, an sich oder an Dritte aush\u00e4ndigen zu lassen. Die Bereitstellung erfolgt in einem maschinenlesbaren Format. Sofern direkte \u00dcbertragung<br \/>\nder Daten an einen anderen Verantwortlichen verlangt wird, erfolgt dies nur, soweit dies uns technisch m\u00f6glich ist.<\/p>\n<p>Recht auf Auskunft, Berichtigung, Sperrung, L\u00f6schung, Widerruf<\/p>\n<p>Betroffene haben jederzeit im Rahmen der geltenden gesetzlichen Bestimmungen das Recht auf unentgeltliche Auskunft \u00fcber ihre gespeicherten personenbezogenen Daten, Herkunft der Daten, deren Empf\u00e4nger und den Zweck der Datenverarbeitung.<\/p>\n<p>Sie k\u00f6nnen sich ferner bei Fragen zur Erhebung, Verarbeitung oder Nutzung personenbezogener Daten und deren Berichtigung, Sperrung, L\u00f6schung oder einem Widerruf einer erteilten Einwilligung unentgeltlich an uns wenden. Wir weisen darauf hin, dass ein Recht auf Berichtigung falscher Daten oder L\u00f6schung personenbezogener Daten<br \/>\nzusteht, sollte diesem Anspruch keine gesetzliche Aufbewahrungspflicht entgegenstehen.<\/p>\n<p>Diesbez\u00fcglich und auch zu weiteren Fragen zum Thema personenbezogene Daten k\u00f6nnen sich Betroffene jederzeit \u00fcber die im Impressum aufgef\u00fchrten Kontaktm\u00f6glichkeiten an uns wenden.<\/p>\n<p>Serverdaten\/Server-Log-Dateien<\/p>\n<p>In Server-Log-Dateien erhebt und speichert der Provider der Website aus technischen Gr\u00fcnden automatisch Informationen, die Ihr Browser automatisch an uns \u00fcbermittelt (sogenannte Serverlogdateien).<br \/>\nDies sind:<br \/>\nBrowsertyp und Browserversion,<br \/>\nVerwendetes Betriebssystem,<br \/>\nWebseite, von der aus Sie uns besuchen (Referrer URL),<br \/>\nWebseite, die Sie besuchen,<br \/>\nHostname des zugreifenden Rechners,<br \/>\nDatum und Uhrzeit Ihres Zugriffs,<br \/>\nIhre Internet Protokoll Adresse (IP-Adresse).<\/p>\n<p>Diese anonymen Daten werden getrennt von Ihren eventuell angegebenen personenbezogenen Daten gespeichert und lassen so keine R\u00fcckschl\u00fcsse auf eine bestimmte Person zu. Sie werden zu statistischen Zwecken ausgewertet, um unseren Internetauftritt und unsere Angebote optimieren zu k\u00f6nnen.<\/p>\n<p>Es findet keine Zusammenf\u00fchrung dieser Daten mit anderen Datenquellen statt. Grundlage der Datenverarbeitung bildet Art. 6 Abs. 1 lit. b DSGVO, der die Verarbeitung von Daten zur Erf\u00fcllung eines Vertrags oder vorvertraglicher Ma\u00dfnahmen gestattet.<\/p>\n<p>Erbringung satzungsm\u00e4\u00dfiger Leistungen<\/p>\n<p>Zur Erf\u00fcllung der satzungsm\u00e4\u00dfigen Verbandszwecke und Serviceleistungen erheben und verarbeiten wir gem. Art. 6 Abs. 1 lit b. DSGVO Bestandsdaten, wie Namen, Geburtsdaten, Bankverbindungsdaten, Kontaktdaten wie Adressen, eMail-Adressen, Telefonnummern, Mitgliedschaftsdaten wie Beitritt, Austritt, Ausschluss, waffenrechtliche Daten wie Erlaubnisse,<br \/>\nVertragsdaten wie in Anspruch genommene Leistungen, Zahlungsinformationen, Ergebnislisten, Platzierungen, Wettbewerbserfolge.<\/p>\n<p>Die L\u00f6schung der Daten erfolgt nach Ablauf gesetzlicher Fristen beziehungsweise nach Zweckerreichung unter Ber\u00fccksichtigung der waffenrechtlichen Vorgaben und Erfordernisse, sowie der Nachvollziehbarkeit von Mitgliederbewegungen.<\/p>\n<p>Ver\u00f6ffentlichte Daten<\/p>\n<p>Auf den Internetseiten werden folgende Daten von Funktionstr\u00e4gern, Mitarbeitern, Mitgliedern und Teilnehmern von sportlichen Wettbewerben ver\u00f6ffentlicht:<br \/>\nBestandsdaten wie Namen, Geburtsdaten, Vereinsdaten; Kontaktdaten wie Adressen, eMail-Adressen, Telefonnummern; Inhaltsdaten wie Texteingaben, Fotografien, Videos, Ergebnislisten, Platzierungen, Wettbewerbserfolge.<\/p>\n<p>Dies erfolgt zu folgenden Zwecken:<br \/>\nAu\u00dfendarstellung des Vereins,<br \/>\nVereinsinterne Kommunikation,<br \/>\nDarstellung des Schie\u00dfsports,<br \/>\nInformation \u00fcber Termine, Wettk\u00e4mpfe und Erfolge.<\/p>\n<p>Speicherdauer von redaktionellen Beitr\u00e4gen<\/p>\n<p>Beitr\u00e4ge sowie damit in Verbindung stehende Daten, wie beispielsweise IP-Adressen, werden gespeichert. Der Inhalt verbleibt auf unserer Website, bis er vollst\u00e4ndig gel\u00f6scht wurde oder aus rechtlichen Gr\u00fcnden gel\u00f6scht werden musste.<\/p>\n<p>Die Speicherung erfolgt auf der Grundlage personenbezogener Einwilligung (Art. 6 Abs. 1 lit. a DSGVO). Ein Widerruf bereits erteilten Einwilligung ist jederzeit m\u00f6glich. F\u00fcr den Widerruf gen\u00fcgt eine formlose Mitteilung per eMail. Die Rechtm\u00e4\u00dfigkeit bereits erfolgter Datenverarbeitungsvorg\u00e4nge bleibt vom Widerruf unber\u00fchrt.<\/p>\n<p>\u00dcbermittlung von Daten an Dritte<\/p>\n<p>Personenbezogene Daten werden an Dritte nur \u00fcbermittelt, sofern gesetzliche Verpflichtung beziehungsweise eine Notwendigkeit im Rahmen der satzungsgem\u00e4\u00dfen Vertragsabwicklung besteht. Dritte k\u00f6nnen beispielsweise Verwaltungsbeh\u00f6rden (Abt. f\u00fcr Waffenrecht), schie\u00dfsportliche Organisationen (Bezirk, Landesverband) sowie Bezahldienstleister oder Logistikunternehmen sein. Eine weitergehende \u00dcbermittlung der Daten findet nicht statt &#8211; beziehungsweise nur dann, wenn dieser ausdr\u00fccklich zugestimmt wurde.<\/p>\n<p>Grundlage f\u00fcr die Datenverarbeitung ist Art. 6 Abs. 1 lit. b DSGVO, der die Verarbeitung von Daten zur Erf\u00fcllung eines Vertrags oder vorvertraglicher Ma\u00dfnahmen gestattet.<\/p>\n<p>Zuletzt aktualisiert: 6. Juni 2018<\/p>\n","protected":false},"excerpt":{"rendered":"<p>Schie\u00dfclub Oberpfalz Ost e.V. 1. Vorsitzender Martin Hartl Zum Pfahlkreuz 4 D-93489 Schorndorf Telefon +49 (0)9971\/1358864 eMail: martin.hartl@scoo-cham.de Verantwortlicher im Sinne des Telemediengesetzes: Martin Hartl Verwaltet wird diese Online-Pr\u00e4senz von Schriftf\u00fchrerin\u00a0 Christine Konadl Haftungsausschluss Haftung f\u00fcr Inhalte Die Inhalte unserer<\/p>\n","protected":false},"author":1,"featured_media":0,"parent":0,"menu_order":0,"comment_status":"closed","ping_status":"closed","template":"","meta":{"footnotes":""},"class_list":["post-15","page","type-page","status-publish","hentry"],"_links":{"self":[{"href":"https:\/\/scoo-cham.de\/index.php?rest_route=\/wp\/v2\/pages\/15","targetHints":{"allow":["GET"]}}],"collection":[{"href":"https:\/\/scoo-cham.de\/index.php?rest_route=\/wp\/v2\/pages"}],"about":[{"href":"https:\/\/scoo-cham.de\/index.php?rest_route=\/wp\/v2\/types\/page"}],"author":[{"embeddable":true,"href":"https:\/\/scoo-cham.de\/index.php?rest_route=\/wp\/v2\/users\/1"}],"replies":[{"embeddable":true,"href":"https:\/\/scoo-cham.de\/index.php?rest_route=%2Fwp%2Fv2%2Fcomments&post=15"}],"version-history":[{"count":5,"href":"https:\/\/scoo-cham.de\/index.php?rest_route=\/wp\/v2\/pages\/15\/revisions"}],"predecessor-version":[{"id":678,"href":"https:\/\/scoo-cham.de\/index.php?rest_route=\/wp\/v2\/pages\/15\/revisions\/678"}],"wp:attachment":[{"href":"https:\/\/scoo-cham.de\/index.php?rest_route=%2Fwp%2Fv2%2Fmedia&parent=15"}],"curies":[{"name":"wp","href":"https:\/\/api.w.org\/{rel}","templated":true}]}}