{"id":206,"date":"2017-06-02T17:09:28","date_gmt":"2017-06-02T17:09:28","guid":{"rendered":"http:\/\/scoo-cham.de\/?page_id=206"},"modified":"2017-08-27T14:38:40","modified_gmt":"2017-08-27T14:38:40","slug":"30-jahre-scoo","status":"publish","type":"page","link":"https:\/\/scoo-cham.de\/?page_id=206","title":{"rendered":"30 Jahre SCOO"},"content":{"rendered":"<p><img loading=\"lazy\" decoding=\"async\" class=\"alignright size-medium wp-image-124\" src=\"http:\/\/scoo-cham.de\/wp-content\/uploads\/2017\/01\/30jahre-263x300.jpg\" alt=\"\" width=\"263\" height=\"300\" srcset=\"https:\/\/scoo-cham.de\/wp-content\/uploads\/2017\/01\/30jahre-263x300.jpg 263w, https:\/\/scoo-cham.de\/wp-content\/uploads\/2017\/01\/30jahre.jpg 300w\" sizes=\"auto, (max-width: 263px) 100vw, 263px\" \/><\/p>\n<p><a href=\"http:\/\/scoo-cham.de\/?p=199\">Das Gru\u00dfwort\u00a0 vom Vereinsgr\u00fcnder und Ehrenmitglied Peter Renoth<\/a><\/p>\n<p><a href=\"http:\/\/scoo-cham.de\/?p=223\">Das Programm zum 30 J\u00e4hrigen Bestehen<\/a><\/p>\n<p><a href=\"http:\/\/scoo-cham.de\/?p=239\">Br\u00fcckenschlag zwischen traditionellem und modernen Schie\u00dfsport<\/a><\/p>\n<p><a href=\"http:\/\/scoo-cham.de\/?p=248\">Geschwindigkeit ist keine Hexerei<\/a><\/p>\n<p><a href=\"http:\/\/scoo-cham.de\/?p=256\">Epilog 30 Jahre SCOO<\/a><\/p>\n","protected":false},"excerpt":{"rendered":"<p>Das Gru\u00dfwort\u00a0 vom Vereinsgr\u00fcnder und Ehrenmitglied Peter Renoth Das Programm zum 30 J\u00e4hrigen Bestehen Br\u00fcckenschlag zwischen traditionellem und modernen Schie\u00dfsport Geschwindigkeit ist keine Hexerei Epilog 30 Jahre SCOO<\/p>\n","protected":false},"author":1,"featured_media":0,"parent":0,"menu_order":0,"comment_status":"closed","ping_status":"closed","template":"","meta":{"footnotes":""},"class_list":["post-206","page","type-page","status-publish","hentry"],"_links":{"self":[{"href":"https:\/\/scoo-cham.de\/index.php?rest_route=\/wp\/v2\/pages\/206","targetHints":{"allow":["GET"]}}],"collection":[{"href":"https:\/\/scoo-cham.de\/index.php?rest_route=\/wp\/v2\/pages"}],"about":[{"href":"https:\/\/scoo-cham.de\/index.php?rest_route=\/wp\/v2\/types\/page"}],"author":[{"embeddable":true,"href":"https:\/\/scoo-cham.de\/index.php?rest_route=\/wp\/v2\/users\/1"}],"replies":[{"embeddable":true,"href":"https:\/\/scoo-cham.de\/index.php?rest_route=%2Fwp%2Fv2%2Fcomments&post=206"}],"version-history":[{"count":11,"href":"https:\/\/scoo-cham.de\/index.php?rest_route=\/wp\/v2\/pages\/206\/revisions"}],"predecessor-version":[{"id":268,"href":"https:\/\/scoo-cham.de\/index.php?rest_route=\/wp\/v2\/pages\/206\/revisions\/268"}],"wp:attachment":[{"href":"https:\/\/scoo-cham.de\/index.php?rest_route=%2Fwp%2Fv2%2Fmedia&parent=206"}],"curies":[{"name":"wp","href":"https:\/\/api.w.org\/{rel}","templated":true}]}}